{"id":13205,"date":"2020-06-14T12:08:23","date_gmt":"2020-06-14T12:08:23","guid":{"rendered":"https:\/\/royalvanilla.eu\/index.php\/o-nas\/"},"modified":"2025-09-07T18:33:26","modified_gmt":"2025-09-07T18:33:26","slug":"o-nas","status":"publish","type":"page","link":"https:\/\/royalvanilla.eu\/de\/o-nas\/","title":{"rendered":"\u00dcber uns"},"content":{"rendered":"\n\t<section id=\"contentboxes-mb-block-d6c98f02-9a2a-420e-9f9e-88acb666449b\" class=\"section section-contentboxes  alignfull \">\n\n\t\t<div class=\"contentboxes-wrap none\"  >\n\t\t\t\t\t<div class=\"contentboxes-masonry \">\n\n\t\t\t\t<div class=\"grid-sizer-contentboxes\"><\/div>\n\n\t\t\t\t\n\t\t\t\t<div class=\"content-box- contentboxes-image-wrap bg-color half-width one-and-a-half-height mobile-uncropped   content-white no-vertical-text has-content cb-mobile-content-leave cb-mobile-content-vertical-leave    \"  data-aos=\"fade-up\" data-aos-delay=\"100\"   style=\"order:2\"  >\n\n\t\t\t\t\t<div class=\"contentboxes-image-wrap-inner\">\n\n\t\t\t\t\t\n\t\t\t\t\t\t<div class=\"contentboxes-zoom-wrap \">\n\t\t\t\t\t\t\n\t\t\t\t\t\t\n\t\t\t\t\t\t\n\t\t\t\t\t\t\t<div class=\"contentboxes-content-wrap centered-content contentboxes-content-center contentboxes-content-middle\"  style=\"background-color: #171817\"  >\n\n\t\t\t\t\t\t\t\t\t\t\t\t\t\t\t\t<div class=\"contentboxes-content section-content\">\n\t\t\t\t\t\t\t\t\t\t\t\t\t\t\t\t\t\t\t\t\t\t\t\t\t\t\t\t<div class=\"contentboxes-content-item contentboxes-subtitle subtitle-above use-body-font\"  data-aos=\"fade-down\" data-aos-delay=\"100\"  >Echter Geschmack beginnt mit den besten Zutaten. Genau das ist unsere Vanille.<\/div>\n\t\t\t\t\t\t\t\t\t\t\t\t\t\t\t\t\t\t\t\t\t\t\t\t\t                \t<h1  class=\"contentboxes-content-item contentboxes-title\"  data-aos=\"slide-up\"  >\u00dcber uns<\/h1>\n\t\t\t\t\t\t\t                \t\t\t\t\t\t\t                \t\t\t\t\t\t\t                \t\t\t\t\t\t\t                \t<div class=\"contentboxes-content-item contentboxes-text\"  data-aos=\"fade-right\" data-aos-delay=\"340\"  >Wir sind ein Paar, das die Liebe zum perfekten Geschmack verbindet. Zusammen mit meiner Frau, die meine Leidenschaft f\u00fcr au\u00dfergew\u00f6hnliche K\u00fcche teilt, haben wir beschlossen, die Vanille zu importieren, die wir selbst verwenden und der wir vertrauen. Nat\u00fcrlich, intensiv, aromatisch \u2013 Vanille, die den Unterschied macht.\r\n<br><br>\r\nAls K\u00fcchenchef habe ich mich immer an einen Grundsatz gehalten: \u201eQualit\u00e4t \u00fcber alles\u201c. Als ich in der Konditorei des Restaurants The Fat Duck in Bray in Gro\u00dfbritannien arbeitete, hatte ich die Gelegenheit, Zutaten kennenzulernen, die die Wahrnehmung des Geschmacks ver\u00e4ndern. Eine davon war Vanille \u2013 nicht die gew\u00f6hnliche, sondern die Essenz der Perfektion, tief, komplex, mit einem Aroma, das im Ged\u00e4chtnis bleibt. Das Vanilleeis bei Heston Blumenthal, das wir beim Abendessen zum ersten Mal probierten, war eine Vanille-Explosion.\r\n<br><br>\r\nDiese Erfahrung veranlasste mich, mich mit ihrer Herkunft, ihren Sorten und Reifeprozessen auseinanderzusetzen. Ich reiste, probierte und suchte nach Quellen, die Vanille auf h\u00f6chstem Niveau liefern \u2013 so wie ich sie aus den besten Restaurants der Welt kannte.\r\n<br><br>\r\nHeute importieren wir gemeinsam mit Marlena, die eine Liebhaberin guten Essens ist, Vanille nach Europa, damit andere K\u00f6che und Konditoren mit einem Rohstoff arbeiten k\u00f6nnen, der keinen Kompromiss darstellt, sondern den h\u00f6chsten Standard erf\u00fcllt, und ihren G\u00e4sten in ihren Restaurants und Konditoreien K\u00f6stlichkeiten servieren k\u00f6nnen, die mit der besten Vanille der Welt verfeinert sind.<\/div>\n\t\t\t\t\t\t\t                \t\t\t\t\t\t\t                \t\t\t\t\t\t        \t<\/div>\n\t\t\t\t\t\t        \t\n\t\t\t\t\t\t\t\t\t\t\t\t\t\n\t\t\t\t\t\t<\/div>\n\t\t\t\t\t<\/div>\n\t\t\t\t\t<\/div>\n\n\t\t\t\t\t\t   \t \n\t\t\t\t<\/div>\n\t\t\t\t\t\n\t\t\t\n\t\t\t\t<div class=\"content-box-13075 contentboxes-image-wrap bg-image half-width one-and-a-half-height mobile-uncropped   content-white no-vertical-text no-content cb-mobile-content-leave cb-mobile-content-vertical-leave    \"  data-aos=\"fade-up\" data-aos-delay=\"200\"   style=\"order:1\"  >\n\n\t\t\t\t\t<div class=\"contentboxes-image-wrap-inner\">\n\n\t\t\t\t\t\n\t\t\t\t\t\t<div class=\"contentboxes-zoom-wrap \">\n\t\t\t\t\t\t\n\t\t\t\t\t\t\t\t\t\t\t\t\t<div class=\"contentboxbgimage\" style=\"background-image: url(https:\/\/royalvanilla.eu\/wp-content\/uploads\/2025\/07\/razembiale.jpg);\"><\/div> \n\t\t\t\t\t\t\t\t\t\t\t\t<div class=\"contentbox-overlay   gradient-contentboxes-content-middle\" >\n\t\t\t\t\t\t\n\t\t\t\t\t\t\t<div class=\"contentboxes-content-wrap centered-content contentboxes-content-center contentboxes-content-middle\"  >\n\n\t\t\t\t\t\t\t\t\n\t\t\t\t\t\t\t\t\t\t\t\t\t\t<\/div>\n\t\t\t\t\t\t\t\t\t\t\t\t\t\n\t\t\t\t\t\t<\/div>\n\t\t\t\t\t<\/div>\n\t\t\t\t\t<\/div>\n\n\t\t\t\t\t\t   \t \n\t\t\t\t<\/div>\n\t\t\t\t\t\n\t\t\t\t\t\t<\/div>\n\t\t\t\t<\/div>\n\n\t<\/section> \n\n\n\n\n\t<section id=\"madagaskar\" class=\"section section-contentboxes backgroundtop alignfull \">\n\n\t\t<div class=\"contentboxes-wrap none\"  >\n\t\t\t\t\t<div class=\"contentboxes-masonry \">\n\n\t\t\t\t<div class=\"grid-sizer-contentboxes\"><\/div>\n\n\t\t\t\t\n\t\t\t\t<div class=\"content-box-12968 contentboxes-image-wrap bg-image half-width square mobile-uncropped   content-dark no-vertical-text no-content cb-mobile-content-leave cb-mobile-content-vertical-leave    \"  data-aos=\"fade-up\" data-aos-delay=\"100\"   >\n\n\t\t\t\t\t<div class=\"contentboxes-image-wrap-inner\">\n\n\t\t\t\t\t\n\t\t\t\t\t\t<div class=\"contentboxes-zoom-wrap \">\n\t\t\t\t\t\t\n\t\t\t\t\t\t\t\t\t\t\t\t\t<div class=\"contentboxbgimage\" style=\"background-image: url(https:\/\/royalvanilla.eu\/wp-content\/uploads\/2025\/05\/wanilia-straki-na-drzewie.jpg);\"><\/div> \n\t\t\t\t\t\t\t\t\t\t\t\t<div class=\"contentbox-overlay   gradient-contentboxes-content-middle\" >\n\t\t\t\t\t\t\n\t\t\t\t\t\t\t<div class=\"contentboxes-content-wrap centered-content contentboxes-content-center contentboxes-content-middle\"  >\n\n\t\t\t\t\t\t\t\t\n\t\t\t\t\t\t\t\t\t\t\t\t\t\t<\/div>\n\t\t\t\t\t\t\t\t\t\t\t\t\t\n\t\t\t\t\t\t<\/div>\n\t\t\t\t\t<\/div>\n\t\t\t\t\t<\/div>\n\n\t\t\t\t\t\t   \t \n\t\t\t\t<\/div>\n\t\t\t\t\t\n\t\t\t\n\t\t\t\t<div class=\"content-box- contentboxes-image-wrap bg-none half-width square mobile-uncropped    no-vertical-text has-content cb-mobile-content-center cb-mobile-content-vertical-leave    \"  data-aos=\"fade-up\" data-aos-delay=\"200\"   >\n\n\t\t\t\t\t<div class=\"contentboxes-image-wrap-inner\">\n\n\t\t\t\t\t\n\t\t\t\t\t\t<div class=\"contentboxes-zoom-wrap \">\n\t\t\t\t\t\t\n\t\t\t\t\t\t\n\t\t\t\t\t\t\n\t\t\t\t\t\t\t<div class=\"contentboxes-content-wrap centered-content contentboxes-content-left contentboxes-content-middle\"  >\n\n\t\t\t\t\t\t\t\t\t\t\t\t\t\t\t\t<div class=\"contentboxes-content section-content\">\n\t\t\t\t\t\t\t\t\t\t\t\t\t\t\t\t\t\t\t\t\t\t\t\t\t\t\t\t\t\t\t\t\t\t                \t<h2  class=\"contentboxes-content-item contentboxes-title\"  data-aos=\"slide-up\"  >Warum <em>Madagaskar<\/em>?<\/h2>\n\t\t\t\t\t\t\t                \t\t\t\t\t\t\t                \t\t\t\t\t\t\t                \t\t\t\t\t\t\t                \t<div class=\"contentboxes-content-item contentboxes-text\"  data-aos=\"fade-right\" data-aos-delay=\"340\"  >Die Region SAVA (Sambava\u2013Antalaha\u2013Vohemar\u2013Andapa) ist das weltweite Zentrum f\u00fcr Bourbon-Vanille:\r\n<ul><li>Ideale klimatische Bedingungen: W\u00e4rme, Feuchtigkeit und reichhaltiger Boden<\/li>\r\n<li>Manuelle Best\u00e4ubung und traditionelle Fermentation<\/li>\r\n<li>Familienplantagen, deren Qualit\u00e4t von Generation zu Generation weitergegeben wird<\/li><\/ul>\r\nWarum lohnt es sich?\r\n<ul><li>80 % der weltweiten Vanille stammt aus Madagaskar \u2013 aber nur 10 % davon sind Premium-Vanille<\/li>\r\n<li>Wir importieren ausschlie\u00dflich die h\u00f6chste Qualit\u00e4tsstufe<\/li><\/ul><\/div>\n\t\t\t\t\t\t\t                \t\t\t\t\t\t\t                \t\t\t\t\t\t        \t<\/div>\n\t\t\t\t\t\t        \t\n\t\t\t\t\t\t\t\t\t\t\t\t\t\n\t\t\t\t\t\t<\/div>\n\t\t\t\t\t<\/div>\n\t\t\t\t\t<\/div>\n\n\t\t\t\t\t\t   \t \n\t\t\t\t<\/div>\n\t\t\t\t\t\n\t\t\t\t\t\t<\/div>\n\t\t\t\t<\/div>\n\n\t<\/section> \n\n","protected":false},"excerpt":{"rendered":"","protected":false},"author":1,"featured_media":0,"parent":0,"menu_order":27,"comment_status":"closed","ping_status":"closed","template":"","meta":{"footnotes":""},"class_list":["post-13205","page","type-page","status-publish","hentry"],"_links":{"self":[{"href":"https:\/\/royalvanilla.eu\/de\/wp-json\/wp\/v2\/pages\/13205","targetHints":{"allow":["GET"]}}],"collection":[{"href":"https:\/\/royalvanilla.eu\/de\/wp-json\/wp\/v2\/pages"}],"about":[{"href":"https:\/\/royalvanilla.eu\/de\/wp-json\/wp\/v2\/types\/page"}],"author":[{"embeddable":true,"href":"https:\/\/royalvanilla.eu\/de\/wp-json\/wp\/v2\/users\/1"}],"replies":[{"embeddable":true,"href":"https:\/\/royalvanilla.eu\/de\/wp-json\/wp\/v2\/comments?post=13205"}],"version-history":[{"count":1,"href":"https:\/\/royalvanilla.eu\/de\/wp-json\/wp\/v2\/pages\/13205\/revisions"}],"predecessor-version":[{"id":13391,"href":"https:\/\/royalvanilla.eu\/de\/wp-json\/wp\/v2\/pages\/13205\/revisions\/13391"}],"wp:attachment":[{"href":"https:\/\/royalvanilla.eu\/de\/wp-json\/wp\/v2\/media?parent=13205"}],"curies":[{"name":"wp","href":"https:\/\/api.w.org\/{rel}","templated":true}]}}